{"id":80,"date":"2015-09-23T11:55:15","date_gmt":"2015-09-23T11:55:15","guid":{"rendered":"https:\/\/www.gunee-gallery.com\/index.php\/legal_information\/"},"modified":"2015-09-23T11:55:15","modified_gmt":"2015-09-23T11:55:15","slug":"legal_information","status":"publish","type":"page","link":"https:\/\/www.gunee-gallery.com\/index.php\/legal_information\/","title":{"rendered":"Legal Information"},"content":{"rendered":"<p>The following pages are written in German. Please translate these pages now.<\/p>\n<p><strong>Haftungshinweis: Das nachstehende Impressum ist von einem Rechtsanwalt erstellt worden (<a href=\"http:\/\/rechtsanwalt-schwenke.de\">http:\/\/rechtsanwalt-schwenke.de<\/a>). Jede Firmierung hat unterschiedliche Pflichtdaten im Impressum einzutragen. Es entspricht den rechtlichen Anforderungen eines typischen, an Verbraucher gerichteten Onlineshops. Jedoch sollten Sie das Muster nur nach sorgf\u00e4ltiger Pr\u00fcfung und Anpassung auf Ihr konkretes Gesch\u00e4ftsmodell verwenden. Die Klauseln k\u00f6nnen in bestimmten Konstellationen nicht ausreichend sein. Lassen Sie sich im Zweifel rechtlich beraten.<\/strong><\/p>\n<p><strong>Bearbeitungshinweis: Bitte pr\u00fcfen Sie und \u00e4ndern die Angaben entsprechend Ihren Bed\u00fcrfnissen.<\/strong><\/p>\n<p>DemoShop e.K.,<br \/>\nInhaber: Max Muster Demostra\u00dfe 1<br \/>\n12345 Demostadt<\/p>\n<p>Gesch\u00e4ftsf\u00fchrung: Max Muster<br \/>\n[Diese Angabe ist bei Gesellschaften, z.B. Gbr\/OHG\/UG\/GmbH notwendig]<\/p>\n<p>Telefonnummer: 0123456789<br \/>\nFaxnummer: 0123456789 [Hinweis: Die Faxnummer ist optional]<br \/>\nE-Mailadresse: name @ domain.de<\/p>\n<p>Registergericht &amp; Registernummer: Amtsgericht Demostadt: HR 12345<br \/>\n[Diese Angabe ist notwendig, falls Sie im Handels\/Gesellschaftsregister o.\u00e4. registriert sind]<\/p>\n<p>Umsatzsteuer-Identifikationsnummer: DE 189 278 309<br \/>\n[Diese Angabe ist notwendig, falls Ihnen eine UStId-Nr zugeteilt worden ist.]<\/p>\n<p>Inhaltlich verantwortlich: Max Muster, Adresse wie oben.<br \/>\n[Diese Angabe ist notwendig, falls Sie einen Blog zum Shop f\u00fchren.]<\/p>\n<p>[Hinweis: Angaben zum Haftungsausschluss, wie der Linkhaftung, sind nicht notwendig]<\/p>\n","protected":false},"excerpt":{"rendered":"<p>The following pages are written in German. Please translate these pages now. Haftungshinweis: Das nachstehende Impressum ist von einem Rechtsanwalt erstellt worden (http:\/\/rechtsanwalt-schwenke.de). Jede Firmierung hat unterschiedliche Pflichtdaten im Impressum einzutragen. Es entspricht den rechtlichen Anforderungen eines typischen, an Verbraucher gerichteten Onlineshops. Jedoch sollten Sie das Muster nur nach sorgf\u00e4ltiger Pr\u00fcfung und Anpassung auf Ihr konkretes Gesch\u00e4ftsmodell verwenden. Die Klauseln [&hellip;]<\/p>\n","protected":false},"author":1,"featured_media":0,"parent":0,"menu_order":0,"comment_status":"closed","ping_status":"open","template":"","meta":[],"_links":{"self":[{"href":"https:\/\/www.gunee-gallery.com\/index.php\/wp-json\/wp\/v2\/pages\/80"}],"collection":[{"href":"https:\/\/www.gunee-gallery.com\/index.php\/wp-json\/wp\/v2\/pages"}],"about":[{"href":"https:\/\/www.gunee-gallery.com\/index.php\/wp-json\/wp\/v2\/types\/page"}],"author":[{"embeddable":true,"href":"https:\/\/www.gunee-gallery.com\/index.php\/wp-json\/wp\/v2\/users\/1"}],"replies":[{"embeddable":true,"href":"https:\/\/www.gunee-gallery.com\/index.php\/wp-json\/wp\/v2\/comments?post=80"}],"version-history":[{"count":0,"href":"https:\/\/www.gunee-gallery.com\/index.php\/wp-json\/wp\/v2\/pages\/80\/revisions"}],"wp:attachment":[{"href":"https:\/\/www.gunee-gallery.com\/index.php\/wp-json\/wp\/v2\/media?parent=80"}],"curies":[{"name":"wp","href":"https:\/\/api.w.org\/{rel}","templated":true}]}}